{"id":507,"date":"2025-08-25T14:43:20","date_gmt":"2025-08-25T12:43:20","guid":{"rendered":"https:\/\/tempsmortrbx.com\/?page_id=507"},"modified":"2025-08-25T14:43:20","modified_gmt":"2025-08-25T12:43:20","slug":"archives","status":"publish","type":"page","link":"https:\/\/tempsmortrbx.com\/index.php\/archives\/","title":{"rendered":"Archives"},"content":{"rendered":"<style>.kadence-column507_6b6cb1-27 > .kt-inside-inner-col,.kadence-column507_6b6cb1-27 > .kt-inside-inner-col:before{border-top-left-radius:0px;border-top-right-radius:0px;border-bottom-right-radius:0px;border-bottom-left-radius:0px;}.kadence-column507_6b6cb1-27 > .kt-inside-inner-col{column-gap:var(--global-kb-gap-sm, 1rem);}.kadence-column507_6b6cb1-27 > .kt-inside-inner-col{flex-direction:column;}.kadence-column507_6b6cb1-27 > .kt-inside-inner-col > .aligncenter{width:100%;}.kadence-column507_6b6cb1-27 > .kt-inside-inner-col:before{opacity:0.3;}.kadence-column507_6b6cb1-27{position:relative;}@media all and (max-width: 1024px){.kadence-column507_6b6cb1-27 > .kt-inside-inner-col{flex-direction:column;justify-content:center;}}@media all and (max-width: 767px){.kadence-column507_6b6cb1-27 > .kt-inside-inner-col{flex-direction:column;justify-content:center;}}<\/style>\n<div class=\"wp-block-kadence-column kadence-column507_6b6cb1-27\"><div class=\"kt-inside-inner-col\"><style>.wp-block-kadence-spacer.kt-block-spacer-507_f84d7a-ce .kt-block-spacer{height:60px;}.wp-block-kadence-spacer.kt-block-spacer-507_f84d7a-ce .kt-divider{border-top-width:1px;height:1px;border-top-color:var(--global-palette2, #2B6CB0);width:80%;border-top-style:solid;}<\/style>\n<div class=\"wp-block-kadence-spacer aligncenter kt-block-spacer-507_f84d7a-ce\"><div class=\"kt-block-spacer kt-block-spacer-halign-center\"><hr class=\"kt-divider\"\/><\/div><\/div>\n<\/div><\/div>\n\n\n<div class=\"pt-cv-wrapper\"><div class=\"pt-cv-view pt-cv-overlaygrid iscvblock iscvhybrid overlay1 layout1\" id=\"pt-cv-view-a13b76c8i3\"><div data-id=\"pt-cv-page-1\" class=\"pt-cv-page\" data-cvc=\"3\"><div class=\" pt-cv-content-item pt-cv-1-col\" ><div class=\"pt-cv-thumb-wrapper  \"><a href=\"https:\/\/tempsmortrbx.com\/index.php\/2025\/07\/15\/de-la-prob-a-la-selection-nationale\/\" class=\"_self pt-cv-href-thumbnail pt-cv-thumb-default\" target=\"_self\" ><img data-opt-id=1035012341  fetchpriority=\"high\" decoding=\"async\" width=\"768\" height=\"1153\" src=\"https:\/\/ml9oa5qkeetn.i.optimole.com\/w:719\/h:1080\/q:mauto\/ig:avif\/https:\/\/tempsmortrbx.com\/wp-content\/uploads\/2025\/07\/1147B9C3-D2FF-42D9-941D-6A1885AEDD7A.jpeg\" class=\"pt-cv-thumbnail\" alt=\"\" srcset=\"https:\/\/ml9oa5qkeetn.i.optimole.com\/w:719\/h:1080\/q:mauto\/ig:avif\/https:\/\/tempsmortrbx.com\/wp-content\/uploads\/2025\/07\/1147B9C3-D2FF-42D9-941D-6A1885AEDD7A.jpeg 768w, https:\/\/ml9oa5qkeetn.i.optimole.com\/w:200\/h:300\/q:mauto\/ig:avif\/https:\/\/tempsmortrbx.com\/wp-content\/uploads\/2025\/07\/1147B9C3-D2FF-42D9-941D-6A1885AEDD7A.jpeg 200w, https:\/\/ml9oa5qkeetn.i.optimole.com\/w:682\/h:1024\/q:mauto\/ig:avif\/https:\/\/tempsmortrbx.com\/wp-content\/uploads\/2025\/07\/1147B9C3-D2FF-42D9-941D-6A1885AEDD7A.jpeg 682w, https:\/\/ml9oa5qkeetn.i.optimole.com\/w:720\/h:1080\/q:mauto\/ig:avif\/https:\/\/tempsmortrbx.com\/wp-content\/uploads\/2025\/07\/1147B9C3-D2FF-42D9-941D-6A1885AEDD7A.jpeg 1024w, https:\/\/ml9oa5qkeetn.i.optimole.com\/w:719\/h:1080\/q:mauto\/ig:avif\/https:\/\/tempsmortrbx.com\/wp-content\/uploads\/2025\/07\/1147B9C3-D2FF-42D9-941D-6A1885AEDD7A.jpeg 1365w, https:\/\/ml9oa5qkeetn.i.optimole.com\/w:719\/h:1080\/q:mauto\/ig:avif\/https:\/\/tempsmortrbx.com\/wp-content\/uploads\/2025\/07\/1147B9C3-D2FF-42D9-941D-6A1885AEDD7A.jpeg 1440w\" sizes=\"(max-width: 768px) 100vw, 768px\" \/><\/a><\/div>\n<div class=\"pt-cv-overlay-wrapper\"><div class=\"pt-cv-taxoterm above_title\"><a href='https:\/\/tempsmortrbx.com\/index.php\/category\/archives\/' title='Archives' class='pt-cv-tax-archives'>Archives<\/a><\/div><h4 class=\"pt-cv-title\"><a href=\"https:\/\/tempsmortrbx.com\/index.php\/2025\/07\/15\/de-la-prob-a-la-selection-nationale\/\" class=\"_self\" target=\"_self\" >De la Pro B \u00e0 la S\u00e9lection Nationale<\/a><\/h4><div class=\"pt-cv-content\">Na\u00ebl Yahiat\u00e8ne, jeune basketteur franco-alg\u00e9rien, aspire \u00e0 une carri\u00e8re professionnelle apr\u00e8s ses succ\u00e8s avec l'\u00e9quipe d'Alg\u00e9rie ...<br \/><div class=\"pt-cv-rmwrap\"><a href=\"https:\/\/tempsmortrbx.com\/index.php\/2025\/07\/15\/de-la-prob-a-la-selection-nationale\/\" class=\"_self pt-cv-readmore btn btn-success\" target=\"_self\">Lire La Suite\u2026<\/a><\/div><\/div><\/div><\/div>\n<div class=\" pt-cv-content-item pt-cv-1-col\" ><div class=\"pt-cv-thumb-wrapper  \"><a href=\"https:\/\/tempsmortrbx.com\/index.php\/2025\/07\/15\/la-red-company-des-musketeers-avant-tout\/\" class=\"_self pt-cv-href-thumbnail pt-cv-thumb-default\" target=\"_self\" ><img data-opt-id=1024417802  fetchpriority=\"high\" decoding=\"async\" width=\"768\" height=\"559\" src=\"https:\/\/ml9oa5qkeetn.i.optimole.com\/w:768\/h:559\/q:mauto\/ig:avif\/https:\/\/tempsmortrbx.com\/wp-content\/uploads\/2025\/07\/D153AAAE-CBB8-43B5-ABC8-9320C811F5AE.jpeg\" class=\"pt-cv-thumbnail\" alt=\"\" srcset=\"https:\/\/ml9oa5qkeetn.i.optimole.com\/w:768\/h:559\/q:mauto\/ig:avif\/https:\/\/tempsmortrbx.com\/wp-content\/uploads\/2025\/07\/D153AAAE-CBB8-43B5-ABC8-9320C811F5AE.jpeg 768w, https:\/\/ml9oa5qkeetn.i.optimole.com\/w:300\/h:218\/q:mauto\/ig:avif\/https:\/\/tempsmortrbx.com\/wp-content\/uploads\/2025\/07\/D153AAAE-CBB8-43B5-ABC8-9320C811F5AE.jpeg 300w, https:\/\/ml9oa5qkeetn.i.optimole.com\/w:800\/h:582\/q:mauto\/ig:avif\/https:\/\/tempsmortrbx.com\/wp-content\/uploads\/2025\/07\/D153AAAE-CBB8-43B5-ABC8-9320C811F5AE.jpeg 800w\" sizes=\"(max-width: 768px) 100vw, 768px\" \/><\/a><\/div>\n<div class=\"pt-cv-overlay-wrapper\"><div class=\"pt-cv-taxoterm above_title\"><a href='https:\/\/tempsmortrbx.com\/index.php\/category\/archives\/' title='Archives' class='pt-cv-tax-archives'>Archives<\/a><\/div><h4 class=\"pt-cv-title\"><a href=\"https:\/\/tempsmortrbx.com\/index.php\/2025\/07\/15\/la-red-company-des-musketeers-avant-tout\/\" class=\"_self\" target=\"_self\" >La Red Company, des Musketeers avant tout.<\/a><\/h4><div class=\"pt-cv-content\">La passion Si les victoires comme les d\u00e9faites se jouent sur le terrain, ce sont les tribunes qui sont t\u00e9moins ...<br \/><div class=\"pt-cv-rmwrap\"><a href=\"https:\/\/tempsmortrbx.com\/index.php\/2025\/07\/15\/la-red-company-des-musketeers-avant-tout\/\" class=\"_self pt-cv-readmore btn btn-success\" target=\"_self\">Lire La Suite\u2026<\/a><\/div><\/div><\/div><\/div>\n<div class=\" pt-cv-content-item pt-cv-1-col\" ><div class=\"pt-cv-thumb-wrapper  \"><a href=\"https:\/\/tempsmortrbx.com\/index.php\/2025\/07\/15\/parcours-dune-passionnee-en-quete-dexcellence\/\" class=\"_self pt-cv-href-thumbnail pt-cv-thumb-default\" target=\"_self\" ><img data-opt-id=1954143318  data-opt-src=\"https:\/\/ml9oa5qkeetn.i.optimole.com\/w:768\/h:512\/q:mauto\/ig:avif\/https:\/\/tempsmortrbx.com\/wp-content\/uploads\/2025\/07\/BA6F77CF-AB75-4AB6-A482-FC3E3CC2FF5D.jpeg\"  decoding=\"async\" width=\"768\" height=\"512\" src=\"data:image/svg+xml,%3Csvg%20viewBox%3D%220%200%20768%20512%22%20width%3D%22768%22%20height%3D%22512%22%20xmlns%3D%22http%3A%2F%2Fwww.w3.org%2F2000%2Fsvg%22%3E%3Crect%20width%3D%22768%22%20height%3D%22512%22%20fill%3D%22transparent%22%2F%3E%3C%2Fsvg%3E\" class=\"pt-cv-thumbnail\" alt=\"\" old-srcset=\"https:\/\/ml9oa5qkeetn.i.optimole.com\/w:768\/h:512\/q:mauto\/ig:avif\/https:\/\/tempsmortrbx.com\/wp-content\/uploads\/2025\/07\/BA6F77CF-AB75-4AB6-A482-FC3E3CC2FF5D.jpeg 768w, https:\/\/ml9oa5qkeetn.i.optimole.com\/w:300\/h:200\/q:mauto\/ig:avif\/https:\/\/tempsmortrbx.com\/wp-content\/uploads\/2025\/07\/BA6F77CF-AB75-4AB6-A482-FC3E3CC2FF5D.jpeg 300w, https:\/\/ml9oa5qkeetn.i.optimole.com\/w:1024\/h:683\/q:mauto\/ig:avif\/https:\/\/tempsmortrbx.com\/wp-content\/uploads\/2025\/07\/BA6F77CF-AB75-4AB6-A482-FC3E3CC2FF5D.jpeg 1024w\" \/><\/a><\/div>\n<div class=\"pt-cv-overlay-wrapper\"><div class=\"pt-cv-taxoterm above_title\"><a href='https:\/\/tempsmortrbx.com\/index.php\/category\/archives\/' title='Archives' class='pt-cv-tax-archives'>Archives<\/a><\/div><h4 class=\"pt-cv-title\"><a href=\"https:\/\/tempsmortrbx.com\/index.php\/2025\/07\/15\/parcours-dune-passionnee-en-quete-dexcellence\/\" class=\"_self\" target=\"_self\" >Parcours d&rsquo;une passionn\u00e9e en qu\u00eate d&rsquo;excellence.<\/a><\/h4><div class=\"pt-cv-content\">Dans cet article, Temps Mort vous propose d\u2019enfiler votre plus beau Judogi et de vous plonger dans le parcours d\u2019une ...<br \/><div class=\"pt-cv-rmwrap\"><a href=\"https:\/\/tempsmortrbx.com\/index.php\/2025\/07\/15\/parcours-dune-passionnee-en-quete-dexcellence\/\" class=\"_self pt-cv-readmore btn btn-success\" target=\"_self\">Lire La Suite\u2026<\/a><\/div><\/div><\/div><\/div>\n<div class=\" pt-cv-content-item pt-cv-1-col\" ><div class=\"pt-cv-thumb-wrapper  \"><a href=\"https:\/\/tempsmortrbx.com\/index.php\/2025\/07\/15\/de-la-courneuve-a-leurope\/\" class=\"_self pt-cv-href-thumbnail pt-cv-thumb-default\" target=\"_self\" ><img data-opt-id=1368473552  data-opt-src=\"https:\/\/ml9oa5qkeetn.i.optimole.com\/w:auto\/h:auto\/q:mauto\/ig:avif\/https:\/\/tempsmortrbx.com\/wp-content\/uploads\/2025\/07\/LeoCremades-AlexandreMartins-3-1.jpg\"  decoding=\"async\" width=\"1\" height=\"1\" src=\"data:image/svg+xml,%3Csvg%20viewBox%3D%220%200%20100%%20100%%22%20width%3D%22100%%22%20height%3D%22100%%22%20xmlns%3D%22http%3A%2F%2Fwww.w3.org%2F2000%2Fsvg%22%3E%3Crect%20width%3D%22100%%22%20height%3D%22100%%22%20fill%3D%22transparent%22%2F%3E%3C%2Fsvg%3E\" class=\"pt-cv-thumbnail\" alt=\"\" \/><\/a><\/div>\n<div class=\"pt-cv-overlay-wrapper\"><div class=\"pt-cv-taxoterm above_title\"><a href='https:\/\/tempsmortrbx.com\/index.php\/category\/archives\/' title='Archives' class='pt-cv-tax-archives'>Archives<\/a><\/div><h4 class=\"pt-cv-title\"><a href=\"https:\/\/tempsmortrbx.com\/index.php\/2025\/07\/15\/de-la-courneuve-a-leurope\/\" class=\"_self\" target=\"_self\" >L\u00e9o Cremades : De la Courneuve \u00e0 l&rsquo;Europe<\/a><\/h4><div class=\"pt-cv-content\">Pour ce neuvi\u00e8me article sous la banni\u00e8re du Temps Mort, on vous propose de d\u00e9couvrir le portrait in\u00e9dit du Quarterback ...<br \/><div class=\"pt-cv-rmwrap\"><a href=\"https:\/\/tempsmortrbx.com\/index.php\/2025\/07\/15\/de-la-courneuve-a-leurope\/\" class=\"_self pt-cv-readmore btn btn-success\" target=\"_self\">Lire La Suite\u2026<\/a><\/div><\/div><\/div><\/div>\n<div class=\" pt-cv-content-item pt-cv-1-col\" ><div class=\"pt-cv-thumb-wrapper  \"><a href=\"https:\/\/tempsmortrbx.com\/index.php\/2025\/07\/15\/tessagoriaux-rebondir-quoiquil-arrive\/\" class=\"_self pt-cv-href-thumbnail pt-cv-thumb-default\" target=\"_self\" ><img data-opt-id=2067074309  data-opt-src=\"https:\/\/ml9oa5qkeetn.i.optimole.com\/w:768\/h:1024\/q:mauto\/ig:avif\/https:\/\/tempsmortrbx.com\/wp-content\/uploads\/2025\/07\/DED93FEA-152D-4160-8E79-59081B720EAC.jpeg\"  decoding=\"async\" width=\"768\" height=\"1024\" src=\"data:image/svg+xml,%3Csvg%20viewBox%3D%220%200%20768%201024%22%20width%3D%22768%22%20height%3D%221024%22%20xmlns%3D%22http%3A%2F%2Fwww.w3.org%2F2000%2Fsvg%22%3E%3Crect%20width%3D%22768%22%20height%3D%221024%22%20fill%3D%22transparent%22%2F%3E%3C%2Fsvg%3E\" class=\"pt-cv-thumbnail\" alt=\"\" old-srcset=\"https:\/\/ml9oa5qkeetn.i.optimole.com\/w:768\/h:1024\/q:mauto\/ig:avif\/https:\/\/tempsmortrbx.com\/wp-content\/uploads\/2025\/07\/DED93FEA-152D-4160-8E79-59081B720EAC.jpeg 768w, https:\/\/ml9oa5qkeetn.i.optimole.com\/w:225\/h:300\/q:mauto\/ig:avif\/https:\/\/tempsmortrbx.com\/wp-content\/uploads\/2025\/07\/DED93FEA-152D-4160-8E79-59081B720EAC.jpeg 225w, https:\/\/ml9oa5qkeetn.i.optimole.com\/w:810\/h:1080\/q:mauto\/ig:avif\/https:\/\/tempsmortrbx.com\/wp-content\/uploads\/2025\/07\/DED93FEA-152D-4160-8E79-59081B720EAC.jpeg 1024w\" \/><\/a><\/div>\n<div class=\"pt-cv-overlay-wrapper\"><div class=\"pt-cv-taxoterm above_title\"><a href='https:\/\/tempsmortrbx.com\/index.php\/category\/archives\/' title='Archives' class='pt-cv-tax-archives'>Archives<\/a><\/div><h4 class=\"pt-cv-title\"><a href=\"https:\/\/tempsmortrbx.com\/index.php\/2025\/07\/15\/tessagoriaux-rebondir-quoiquil-arrive\/\" class=\"_self\" target=\"_self\" >Tessa Goriaux : rebondir quoi qu&rsquo;il arrive.<\/a><\/h4><div class=\"pt-cv-content\">Finesse, pr\u00e9cision et \u00e9l\u00e9gance : voil\u00e0 ce qui compose l\u2019escrime. Souvent compar\u00e9e \u00e0 un art, cette discipline nous plonge dans ...<br \/><div class=\"pt-cv-rmwrap\"><a href=\"https:\/\/tempsmortrbx.com\/index.php\/2025\/07\/15\/tessagoriaux-rebondir-quoiquil-arrive\/\" class=\"_self pt-cv-readmore btn btn-success\" target=\"_self\">Lire La Suite\u2026<\/a><\/div><\/div><\/div><\/div><\/div><\/div><\/div>\t\t\t<style type=\"text\/css\" id=\"pt-cv-inline-style-b861733tin\">#pt-cv-view-a13b76c8i3 .pt-cv-thumb-wrapper::before {background: rgba(0,0,0,.4); opacity: 0.8;}#pt-cv-view-a13b76c8i3 .pt-cv-overlay-wrapper {justify-content: flex-end;}\n#pt-cv-view-a13b76c8i3 > .pt-cv-page {grid-template-columns: repeat(3, 1fr);grid-auto-rows: 250px;grid-gap: 15px;}\n@media all and (max-width: 1024px) { \n#pt-cv-view-a13b76c8i3 > .pt-cv-page {grid-template-columns: repeat(1, 1fr);}\n} \n@media all and (max-width: 767px) { \n#pt-cv-view-a13b76c8i3 > .pt-cv-page {grid-template-columns: repeat(1, 1fr);}\n} <\/style>\r\n\t\t\t\n","protected":false},"excerpt":{"rendered":"","protected":false},"author":1,"featured_media":0,"parent":0,"menu_order":0,"comment_status":"closed","ping_status":"closed","template":"","meta":{"give_campaign_id":0,"_themeisle_gutenberg_block_has_review":false,"_kadence_starter_templates_imported_post":false,"_kad_post_transparent":"","_kad_post_title":"","_kad_post_layout":"","_kad_post_sidebar_id":"","_kad_post_content_style":"","_kad_post_vertical_padding":"","_kad_post_feature":"","_kad_post_feature_position":"","_kad_post_header":false,"_kad_post_footer":false,"footnotes":""},"class_list":["post-507","page","type-page","status-publish","hentry"],"campaignId":"","jetpack_sharing_enabled":true,"jetpack-related-posts":[{"id":605,"url":"https:\/\/tempsmortrbx.com\/index.php\/origin-story\/","url_meta":{"origin":507,"position":0},"title":"Origin Story","author":"Arnaud Dignocourt","date":"28 septembre 2025","format":false,"excerpt":"","rel":"","context":"Article similaire","block_context":{"text":"Article similaire","link":""},"img":{"alt_text":"","src":"","width":0,"height":0},"classes":[]},{"id":520,"url":"https:\/\/tempsmortrbx.com\/index.php\/inside-the-west\/","url_meta":{"origin":507,"position":1},"title":"Inside the West","author":"Arnaud Dignocourt","date":"3 septembre 2025","format":false,"excerpt":"","rel":"","context":"Article similaire","block_context":{"text":"Article similaire","link":""},"img":{"alt_text":"","src":"","width":0,"height":0},"classes":[]},{"id":490,"url":"https:\/\/tempsmortrbx.com\/index.php\/contenus\/","url_meta":{"origin":507,"position":2},"title":"Contenus","author":"Arnaud Dignocourt","date":"25 ao\u00fbt 2025","format":false,"excerpt":"Nos diff\u00e9rents contenus Des r\u00e9cits passionnants NFL Inside The West Plongez dans la NFL \u00e0 travers les quatre \u00e9quipes de la NFC West ! l'actu Tous nos articles Retrouvez tous nos articles, du plus r\u00e9cent aux plus anciens. portrait Origin Story Un article portrait par mois !La formule \"classique\". les\u2026","rel":"","context":"Article similaire","block_context":{"text":"Article similaire","link":""},"img":{"alt_text":"","src":"https:\/\/ml9oa5qkeetn.i.optimole.com\/w:1024\/h:1024\/q:mauto\/ig:avif\/https:\/\/i0.wp.com\/tempsmortrbx.com\/wp-content\/uploads\/2025\/08\/2-1.png?resize=350%2C200","width":350,"height":200,"srcset":"https:\/\/ml9oa5qkeetn.i.optimole.com\/w:1024\/h:1024\/q:mauto\/ig:avif\/https:\/\/i0.wp.com\/tempsmortrbx.com\/wp-content\/uploads\/2025\/08\/2-1.png?resize=350%2C200 1x, https:\/\/ml9oa5qkeetn.i.optimole.com\/w:1024\/h:1024\/q:mauto\/ig:avif\/https:\/\/i0.wp.com\/tempsmortrbx.com\/wp-content\/uploads\/2025\/08\/2-1.png?resize=525%2C300 1.5x, https:\/\/ml9oa5qkeetn.i.optimole.com\/w:1024\/h:1024\/q:mauto\/ig:avif\/https:\/\/i0.wp.com\/tempsmortrbx.com\/wp-content\/uploads\/2025\/08\/2-1.png?resize=700%2C400 2x"},"classes":[]},{"id":315,"url":"https:\/\/tempsmortrbx.com\/index.php\/contact\/","url_meta":{"origin":507,"position":3},"title":"Contact","author":"Arnaud Dignocourt","date":"15 juillet 2025","format":false,"excerpt":"Contactez-nous Nous serions ravis d'entendre vos id\u00e9es et vos questions. On essaie de r\u00e9pondre le plus vite possible Mais on ne travaille pas \u00e0 temps plein sur Temps Mort. On vous r\u00e9pondra au mieux sous trois jours. Tu veux nous rejoindre ?Ce formulaire est aussi l\u00e0 pour \u00e7a. N'h\u00e9site pas\u2026","rel":"","context":"Article similaire","block_context":{"text":"Article similaire","link":""},"img":{"alt_text":"","src":"","width":0,"height":0},"classes":[]},{"id":314,"url":"https:\/\/tempsmortrbx.com\/index.php\/a-propos-de-nous\/","url_meta":{"origin":507,"position":4},"title":"\u00e0 propos de nous","author":"Arnaud Dignocourt","date":"15 juillet 2025","format":false,"excerpt":"\u00c0 propos de nous D\u00e9couvrez la nouvelle \u00e9tape de Temps Mort. On vous l'annon\u00e7ait en Mai : On avait tout perdu. Tous nos brouillons, toutes nos pages et toutes nos donn\u00e9es ont \u00e9t\u00e9s perdus. Et plut\u00f4t que de revenir avec la m\u00eame formule, on a fait le choix de travailler\u2026","rel":"","context":"Article similaire","block_context":{"text":"Article similaire","link":""},"img":{"alt_text":"","src":"","width":0,"height":0},"classes":[]}],"_links":{"self":[{"href":"https:\/\/tempsmortrbx.com\/index.php\/wp-json\/wp\/v2\/pages\/507","targetHints":{"allow":["GET"]}}],"collection":[{"href":"https:\/\/tempsmortrbx.com\/index.php\/wp-json\/wp\/v2\/pages"}],"about":[{"href":"https:\/\/tempsmortrbx.com\/index.php\/wp-json\/wp\/v2\/types\/page"}],"author":[{"embeddable":true,"href":"https:\/\/tempsmortrbx.com\/index.php\/wp-json\/wp\/v2\/users\/1"}],"replies":[{"embeddable":true,"href":"https:\/\/tempsmortrbx.com\/index.php\/wp-json\/wp\/v2\/comments?post=507"}],"version-history":[{"count":2,"href":"https:\/\/tempsmortrbx.com\/index.php\/wp-json\/wp\/v2\/pages\/507\/revisions"}],"predecessor-version":[{"id":509,"href":"https:\/\/tempsmortrbx.com\/index.php\/wp-json\/wp\/v2\/pages\/507\/revisions\/509"}],"wp:attachment":[{"href":"https:\/\/tempsmortrbx.com\/index.php\/wp-json\/wp\/v2\/media?parent=507"}],"curies":[{"name":"wp","href":"https:\/\/api.w.org\/{rel}","templated":true}]}}